{"id":15,"date":"2023-06-08T02:06:17","date_gmt":"2023-06-08T02:06:17","guid":{"rendered":"https:\/\/proofofconcept.ro\/?page_id=15"},"modified":"2023-06-09T09:29:21","modified_gmt":"2023-06-09T09:29:21","slug":"ce-ne-ocupa-timpul","status":"publish","type":"page","link":"https:\/\/proofofconcept.ro\/index.php\/ce-ne-ocupa-timpul\/","title":{"rendered":"Ce ne ocupa timpul"},"content":{"rendered":"\n<div class=\"wp-block-group is-vertical is-layout-flex wp-container-core-group-is-layout-8cf370e7 wp-block-group-is-layout-flex\">\n<p>Atelierul Proof of Concept este un adev\u0103rat loc de joaca. Aici fiecare unealta, material \u0219i buc\u0103\u021bic\u0103 de tehnologie este cu drag folosit\u0103 pentru a crea produsul perfect, de fiecare data. De aceea, oferim servicii complete de crea\u021bie, produc\u021bie publicitar\u0103 si montaj- fiindc\u0103 un lucru bine f\u0103cut este g\u00e2ndit corect de la bun \u00eenceput.<\/p>\n\n\n\n<p>Cl\u0103dim un proiect de grafica \u0219i design interior de la zero. Exploram propunerile initiale, formulam un plan, treb\u0103luim \u0219i ne oprim doar cand montajul este la locu-i consacrat.<\/p>\n\n\n\n<p>Producem \u0219i livram printuri de cea mai buna calitate, pe suport banner, colant, h\u00e2rtie, canvas, \u0219i multe alte suprafe\u021be. Alte produse la care lucram cu \u00eend\u00e2rjire pot fi:<\/p>\n\n\n\n<ul class=\"wp-block-list\">\n<li>Display-uri portabile, rolul-up-uri, steaguri <\/li>\n\n\n\n<li>Casete \u0219i panouri publicitare <\/li>\n\n\n\n<li>Semnalistica pentru interior exterior, lan\u021buri de magazine, b\u0103nci, farmacii, benzin\u0103rii, etc. <\/li>\n\n\n\n<li>Litere volumetrice luminoase <\/li>\n\n\n\n<li>Etichete volumetrice <\/li>\n\n\n\n<li>Debitare laser <\/li>\n\n\n\n<li>Servicii de proiectare \u0219i design <\/li>\n<\/ul>\n\n\n\n<p>Dac\u0103 ai de organizat un eveniment sau ai nevoie de materiale publicitare care atrag publicul sau clien\u021bii ideali, nu ezita sa ne contactezi.<\/p>\n<\/div>\n","protected":false},"excerpt":{"rendered":"<p>Atelierul Proof of Concept este un adev\u0103rat loc de joaca. Aici fiecare unealta, material \u0219i buc\u0103\u021bic\u0103 de tehnologie este cu drag folosit\u0103 pentru a crea produsul perfect, de fiecare data. De aceea, oferim servicii complete de crea\u021bie, produc\u021bie publicitar\u0103 si montaj- fiindc\u0103 un lucru bine f\u0103cut este g\u00e2ndit corect de la bun \u00eenceput. Cl\u0103dim un&hellip;&nbsp;<a href=\"https:\/\/proofofconcept.ro\/index.php\/ce-ne-ocupa-timpul\/\" rel=\"bookmark\">Read More &raquo;<span class=\"screen-reader-text\">Ce ne ocupa timpul<\/span><\/a><\/p>\n","protected":false},"author":1,"featured_media":0,"parent":0,"menu_order":2,"comment_status":"closed","ping_status":"closed","template":"","meta":{"neve_meta_sidebar":"","neve_meta_container":"","neve_meta_enable_content_width":"","neve_meta_content_width":0,"neve_meta_title_alignment":"","neve_meta_author_avatar":"","neve_post_elements_order":"","neve_meta_disable_header":"","neve_meta_disable_footer":"","neve_meta_disable_title":"","ngg_post_thumbnail":0,"footnotes":""},"class_list":["post-15","page","type-page","status-publish","hentry"],"_links":{"self":[{"href":"https:\/\/proofofconcept.ro\/index.php\/wp-json\/wp\/v2\/pages\/15","targetHints":{"allow":["GET"]}}],"collection":[{"href":"https:\/\/proofofconcept.ro\/index.php\/wp-json\/wp\/v2\/pages"}],"about":[{"href":"https:\/\/proofofconcept.ro\/index.php\/wp-json\/wp\/v2\/types\/page"}],"author":[{"embeddable":true,"href":"https:\/\/proofofconcept.ro\/index.php\/wp-json\/wp\/v2\/users\/1"}],"replies":[{"embeddable":true,"href":"https:\/\/proofofconcept.ro\/index.php\/wp-json\/wp\/v2\/comments?post=15"}],"version-history":[{"count":3,"href":"https:\/\/proofofconcept.ro\/index.php\/wp-json\/wp\/v2\/pages\/15\/revisions"}],"predecessor-version":[{"id":74,"href":"https:\/\/proofofconcept.ro\/index.php\/wp-json\/wp\/v2\/pages\/15\/revisions\/74"}],"wp:attachment":[{"href":"https:\/\/proofofconcept.ro\/index.php\/wp-json\/wp\/v2\/media?parent=15"}],"curies":[{"name":"wp","href":"https:\/\/api.w.org\/{rel}","templated":true}]}}