{"id":45,"date":"2023-06-09T09:06:47","date_gmt":"2023-06-09T09:06:47","guid":{"rendered":"https:\/\/proofofconcept.ro\/?page_id=45"},"modified":"2023-12-07T09:55:09","modified_gmt":"2023-12-07T09:55:09","slug":"cine-suntem-si-ce-facem","status":"publish","type":"page","link":"https:\/\/proofofconcept.ro\/","title":{"rendered":"Cine suntem \u0219i ce facem"},"content":{"rendered":"\n<div class=\"wp-block-group\"><div class=\"wp-block-group__inner-container is-layout-constrained wp-block-group-is-layout-constrained\">\n<p>Aproape 20 de ani de experien\u021ba in domeniul produc\u021biei publicitare ne-au \u00eenv\u0103\u021bat ca leg\u0103tura pe care o cre\u0103m \u00eentre noi, cu clien\u021bii \u0219i oamenii din networkul nostru, este cea mai important\u0103. De aceea, conexiunile \u0219i parteneriatele pe care le formam tind sa creasc\u0103 organic in timp. Astfel, men\u021binem un momentum creativ, constructiv \u0219i colectiv pentru fiecare proiect in parte.<\/p>\n\n\n\n<p>\u00cenainte de a-\u021bi spune ce anume facem noi la Proof of Concept, e necesar sa men\u021bionam de ce ne trezim in fiecare zi cu chef de munca.<\/p>\n\n\n\n<p>Viziunea noastr\u0103 se bazeaz\u0103 pe principiul lucrului bine f\u0103cut. Acesta ne motiveaz\u0103 sa cre\u0103m produse inedite, sa deconstruim concepte \u00eenvechite \u0219i sa \u00eentindem limitele la maxim pana \u2018face POC!\u2019. Apoi, examinam atent componentele \u0219i gasim feluri noi de a le \u00eembina, permuta si construi.<\/p>\n<\/div><\/div>\n","protected":false},"excerpt":{"rendered":"<p>Aproape 20 de ani de experien\u021ba in domeniul produc\u021biei publicitare ne-au \u00eenv\u0103\u021bat ca leg\u0103tura pe care o cre\u0103m \u00eentre noi, cu clien\u021bii \u0219i oamenii din networkul nostru, este cea mai important\u0103. De aceea, conexiunile \u0219i parteneriatele pe care le formam tind sa creasc\u0103 organic in timp. Astfel, men\u021binem un momentum creativ, constructiv \u0219i colectiv pentru&hellip;&nbsp;<a href=\"https:\/\/proofofconcept.ro\/\" rel=\"bookmark\">Read More &raquo;<span class=\"screen-reader-text\">Cine suntem \u0219i ce facem<\/span><\/a><\/p>\n","protected":false},"author":1,"featured_media":0,"parent":0,"menu_order":1,"comment_status":"closed","ping_status":"closed","template":"","meta":{"neve_meta_sidebar":"default","neve_meta_container":"","neve_meta_enable_content_width":"","neve_meta_content_width":0,"neve_meta_title_alignment":"","neve_meta_author_avatar":"","neve_post_elements_order":"","neve_meta_disable_header":"","neve_meta_disable_footer":"","neve_meta_disable_title":"","ngg_post_thumbnail":0,"footnotes":""},"class_list":["post-45","page","type-page","status-publish","hentry"],"_links":{"self":[{"href":"https:\/\/proofofconcept.ro\/index.php\/wp-json\/wp\/v2\/pages\/45","targetHints":{"allow":["GET"]}}],"collection":[{"href":"https:\/\/proofofconcept.ro\/index.php\/wp-json\/wp\/v2\/pages"}],"about":[{"href":"https:\/\/proofofconcept.ro\/index.php\/wp-json\/wp\/v2\/types\/page"}],"author":[{"embeddable":true,"href":"https:\/\/proofofconcept.ro\/index.php\/wp-json\/wp\/v2\/users\/1"}],"replies":[{"embeddable":true,"href":"https:\/\/proofofconcept.ro\/index.php\/wp-json\/wp\/v2\/comments?post=45"}],"version-history":[{"count":3,"href":"https:\/\/proofofconcept.ro\/index.php\/wp-json\/wp\/v2\/pages\/45\/revisions"}],"predecessor-version":[{"id":105,"href":"https:\/\/proofofconcept.ro\/index.php\/wp-json\/wp\/v2\/pages\/45\/revisions\/105"}],"wp:attachment":[{"href":"https:\/\/proofofconcept.ro\/index.php\/wp-json\/wp\/v2\/media?parent=45"}],"curies":[{"name":"wp","href":"https:\/\/api.w.org\/{rel}","templated":true}]}}